{"id":524,"date":"2021-03-19T12:59:23","date_gmt":"2021-03-19T12:59:23","guid":{"rendered":"http:\/\/www.beatcontrol.cz\/?page_id=524"},"modified":"2021-10-21T09:32:21","modified_gmt":"2021-10-21T09:32:21","slug":"bc","status":"publish","type":"page","link":"https:\/\/www.beatcontrol.cz\/","title":{"rendered":"BeatControl"},"content":{"rendered":"<p>[et_pb_section fb_built=&#8220;1&#8243; admin_label=&#8220;Marketing Hero&#8220; _builder_version=&#8220;4.9.2&#8243; background_color=&#8220;#B3B3B3&#8243; use_background_color_gradient=&#8220;on&#8220; background_color_gradient_start=&#8220;#e26a19&#8243; background_color_gradient_end=&#8220;#ffffff&#8220; background_enable_image=&#8220;off&#8220; custom_padding=&#8220;62px|0px|66px|0px||&#8220; bottom_divider_style=&#8220;curve2&#8243; bottom_divider_color=&#8220;RGBA(0,0,0,0)&#8220; bottom_divider_height=&#8220;14px&#8220;][et_pb_row column_structure=&#8220;1_2,1_2&#8243; _builder_version=&#8220;3.25&#8243; background_size=&#8220;initial&#8220; background_position=&#8220;top_left&#8220; background_repeat=&#8220;repeat&#8220; animation_style=&#8220;zoom&#8220; animation_direction=&#8220;bottom&#8220; animation_intensity_zoom=&#8220;6%&#8220;][et_pb_column type=&#8220;1_2&#8243; _builder_version=&#8220;3.25&#8243; custom_padding=&#8220;|||&#8220; custom_padding__hover=&#8220;|||&#8220;][et_pb_text _builder_version=&#8220;4.9.2&#8243; header_font=&#8220;|on|||&#8220; header_font_size=&#8220;42px&#8220; header_line_height=&#8220;1.3em&#8220; background_layout=&#8220;dark&#8220; custom_margin=&#8220;||85px|||&#8220; custom_padding=&#8220;|||&#8220; header_font_size_last_edited=&#8220;off|desktop&#8220; locked=&#8220;off&#8220;]<\/p>\n<h1><span style=\"color: #000000;\">Digit\u00e1ln\u00ed platforma pro \u0159\u00edzen\u00ed a kontrolu proces\u016f agenturn\u00edch firem.\u00a0<\/span><\/h1>\n<p><span style=\"color: #000000;\"><\/span><\/p>\n<p style=\"text-align: left;\"><span style=\"color: #000000;\"><strong>BeatControl<\/strong>\u00a0umo\u017e\u0148uje efektivn\u011b zad\u00e1vat \u00fakoly a dohl\u00ed\u017eet na jejich pln\u011bn\u00ed.\u00a0<strong>BeatControl<\/strong> je \u0161it\u00fd na m\u00edru mal\u00fdm, st\u0159edn\u00edm i velk\u00fdm <strong>bezpe\u010dnostn\u00edm<\/strong>\u00a0nebo\u00a0<strong>\u00faklidov\u00fdm<\/strong> agentur\u00e1m, a v\u0161ude tam, kde je pot\u0159eba \u0159\u00eddit pr\u00e1ci lid\u00ed v &#8222;ter\u00e9nu&#8220;.\u00a0\u00a0<\/span><\/p>\n<p>[\/et_pb_text][\/et_pb_column][et_pb_column type=&#8220;1_2&#8243; _builder_version=&#8220;3.25&#8243; custom_padding=&#8220;|||&#8220; custom_padding__hover=&#8220;|||&#8220;][et_pb_image src=&#8220;http:\/\/www.beatcontrol.cz\/wp-content\/uploads\/2021\/05\/Obrazek2.png&#8220; alt=&#8220;Digit\u00e1ln\u00ed platforma pro \u0159\u00edzen\u00ed a kontrolu proces\u016f&#8220; title_text=&#8220;BeatControl software Desktop&#8220; _builder_version=&#8220;4.9.2&#8243; _module_preset=&#8220;default&#8220; transform_translate=&#8220;-24px|-50px&#8220; animation_style=&#8220;flip&#8220;][\/et_pb_image][\/et_pb_column][\/et_pb_row][\/et_pb_section][et_pb_section fb_built=&#8220;1&#8243; _builder_version=&#8220;4.9.2&#8243; _module_preset=&#8220;default&#8220; background_color=&#8220;RGBA(0,0,0,0)&#8220; background_enable_image=&#8220;off&#8220; min_height=&#8220;329px&#8220; custom_margin=&#8220;-62px|||||&#8220; top_divider_style=&#8220;arrow3&#8243; top_divider_color=&#8220;RGBA(0,0,0,0)&#8220;][et_pb_row column_structure=&#8220;1_4,1_4,1_4,1_4&#8243; _builder_version=&#8220;4.9.2&#8243; _module_preset=&#8220;default&#8220; custom_margin=&#8220;112px|auto||auto||&#8220;][et_pb_column type=&#8220;1_4&#8243; _builder_version=&#8220;4.9.2&#8243; _module_preset=&#8220;default&#8220;][et_pb_blurb use_icon=&#8220;on&#8220; font_icon=&#8220;%%105%%&#8220; icon_color=&#8220;#e26a19&#8243; _builder_version=&#8220;4.9.2&#8243; _module_preset=&#8220;default&#8220;]<\/p>\n<p style=\"text-align: center;\"><strong>APLIKACE<\/strong><\/p>\n<p style=\"text-align: center;\">BeatControl nab\u00edz\u00ed mobiln\u00ed aplikaci pro zam\u011bstance v &#8222;ter\u00e9nu&#8220;.<\/p>\n<p>[\/et_pb_blurb][\/et_pb_column][et_pb_column type=&#8220;1_4&#8243; _builder_version=&#8220;4.9.2&#8243; _module_preset=&#8220;default&#8220;][et_pb_blurb use_icon=&#8220;on&#8220; font_icon=&#8220;%%160%%&#8220; icon_color=&#8220;#e26a19&#8243; _builder_version=&#8220;4.9.2&#8243; _module_preset=&#8220;default&#8220;]<\/p>\n<p style=\"text-align: center;\">\u00a0<strong>RYCHL\u00c9 P\u0158EHLEDY<\/strong><\/p>\n<p style=\"text-align: center;\">Online p\u0159ehledy o stavu \u00fakol\u016f pro mana\u017eery.<\/p>\n<p>[\/et_pb_blurb][\/et_pb_column][et_pb_column type=&#8220;1_4&#8243; _builder_version=&#8220;4.9.2&#8243; _module_preset=&#8220;default&#8220;][et_pb_blurb use_icon=&#8220;on&#8220; font_icon=&#8220;%%158%%&#8220; icon_color=&#8220;#e26a19&#8243; _builder_version=&#8220;4.9.2&#8243; _module_preset=&#8220;default&#8220;]<\/p>\n<p style=\"text-align: center;\"><strong>CHYTR\u00c9 V\u00ddSTUPY<\/strong><\/p>\n<p style=\"text-align: center;\">Generov\u00e1n\u00ed v\u00fdstup\u016f pro z\u00e1kazn\u00edky i pro intern\u00ed pot\u0159eby.<\/p>\n<p>[\/et_pb_blurb][\/et_pb_column][et_pb_column type=&#8220;1_4&#8243; _builder_version=&#8220;4.9.2&#8243; _module_preset=&#8220;default&#8220;][et_pb_blurb use_icon=&#8220;on&#8220; font_icon=&#8220;%%86%%&#8220; icon_color=&#8220;#e26a19&#8243; _builder_version=&#8220;4.9.2&#8243; _module_preset=&#8220;default&#8220;]<\/p>\n<p style=\"text-align: center;\"><strong>ONLINE KOMUNIKACE<\/strong><\/p>\n<p style=\"text-align: center;\">Cloud umo\u017en\u00ed p\u0159ehled kdykoli a odkudkoli. Nepot\u0159ebujete IT zdroje.<\/p>\n<p>[\/et_pb_blurb][\/et_pb_column][\/et_pb_row][et_pb_row column_structure=&#8220;1_4,1_4,1_4,1_4&#8243; _builder_version=&#8220;4.9.2&#8243; _module_preset=&#8220;default&#8220; min_height=&#8220;144px&#8220;][et_pb_column type=&#8220;1_4&#8243; _builder_version=&#8220;4.9.2&#8243; _module_preset=&#8220;default&#8220;][et_pb_blurb use_icon=&#8220;on&#8220; font_icon=&#8220;%%113%%&#8220; icon_color=&#8220;#e26a19&#8243; _builder_version=&#8220;4.9.2&#8243; _module_preset=&#8220;default&#8220;]<\/p>\n<p style=\"text-align: center;\"><strong>DOCH\u00c1ZKA<\/strong><\/p>\n<p style=\"text-align: center;\">BeatControl obsahuje modul Doch\u00e1zka pro zam\u011bstanance.<\/p>\n<p>[\/et_pb_blurb][\/et_pb_column][et_pb_column type=&#8220;1_4&#8243; _builder_version=&#8220;4.9.2&#8243; _module_preset=&#8220;default&#8220;][et_pb_blurb use_icon=&#8220;on&#8220; font_icon=&#8220;%%148%%&#8220; icon_color=&#8220;#e26a19&#8243; _builder_version=&#8220;4.9.2&#8243; _module_preset=&#8220;default&#8220;]<\/p>\n<p style=\"text-align: center;\">\u00a0<strong>QR IDENTIFIKACE<\/strong><\/p>\n<p style=\"text-align: center;\">D\u00edky QR k\u00f3d\u016fm definujete m\u00edsta \u00faklid\u016f nebo obch\u016fzek.<\/p>\n<p>[\/et_pb_blurb][\/et_pb_column][et_pb_column type=&#8220;1_4&#8243; _builder_version=&#8220;4.9.2&#8243; _module_preset=&#8220;default&#8220;][et_pb_blurb use_icon=&#8220;on&#8220; font_icon=&#8220;%%75%%&#8220; icon_color=&#8220;#e26a19&#8243; _builder_version=&#8220;4.9.2&#8243; _module_preset=&#8220;default&#8220;]<\/p>\n<p style=\"text-align: center;\"><strong>Z\u00c1KAZNICK\u00dd P\u0158\u00cdSTUP<\/strong><\/p>\n<p style=\"text-align: center;\">V\u00e1\u0161 klient m\u016f\u017ee m\u00edt p\u0159\u00edstup k p\u0159ehledu \u00fakol\u016f a nahr\u00e1t fotografii pro zp\u011btnou vazbu.<\/p>\n<p>[\/et_pb_blurb][\/et_pb_column][et_pb_column type=&#8220;1_4&#8243; _builder_version=&#8220;4.9.2&#8243; _module_preset=&#8220;default&#8220;][et_pb_blurb use_icon=&#8220;on&#8220; font_icon=&#8220;%%86%%&#8220; icon_color=&#8220;#e26a19&#8243; _builder_version=&#8220;4.9.2&#8243; _module_preset=&#8220;default&#8220;]<\/p>\n<p style=\"text-align: center;\"><strong>MATERI\u00c1L*<\/strong><\/p>\n<p style=\"text-align: center;\">Hl\u00eddejte stav pou\u017eit\u00e9ho materi\u00e1lu pomoc\u00ed na\u0161\u00ed aplikace.<\/p>\n<p>[\/et_pb_blurb][\/et_pb_column][\/et_pb_row][\/et_pb_section][et_pb_section fb_built=&#8220;1&#8243; next_background_color=&#8220;#FFFFFF&#8220; admin_label=&#8220;Marketing Hero&#8220; _builder_version=&#8220;4.9.2&#8243; use_background_color_gradient=&#8220;on&#8220; background_color_gradient_start=&#8220;#e26a19&#8243; background_color_gradient_end=&#8220;#ffffff&#8220; background_enable_image=&#8220;off&#8220; min_height=&#8220;411.2px&#8220; custom_padding=&#8220;90px|0px|90px|0px|true|&#8220; top_divider_style=&#8220;arrow&#8220; top_divider_color=&#8220;#FFFFFF&#8220; top_divider_height=&#8220;75px&#8220; bottom_divider_style=&#8220;arrow2&#8243; bottom_divider_height=&#8220;157px&#8220;][et_pb_row column_structure=&#8220;1_2,1_2&#8243; _builder_version=&#8220;3.25&#8243; background_size=&#8220;initial&#8220; background_position=&#8220;top_left&#8220; background_repeat=&#8220;repeat&#8220; animation_style=&#8220;zoom&#8220; animation_direction=&#8220;bottom&#8220; animation_intensity_zoom=&#8220;6%&#8220;][et_pb_column type=&#8220;1_2&#8243; _builder_version=&#8220;3.25&#8243; custom_padding=&#8220;|||&#8220; custom_padding__hover=&#8220;|||&#8220;][et_pb_text _builder_version=&#8220;4.9.2&#8243; header_font=&#8220;|on|||&#8220; header_font_size=&#8220;42px&#8220; header_line_height=&#8220;1.3em&#8220; background_layout=&#8220;dark&#8220; custom_padding=&#8220;|||&#8220; header_font_size_last_edited=&#8220;off|desktop&#8220; locked=&#8220;off&#8220;]<\/p>\n<h1><span style=\"color: #ffffff;\"><\/span><\/h1>\n<h1><span style=\"color: #ffffff;\"><\/span><\/h1>\n<h1><span style=\"color: #ffffff;\"><\/span><\/h1>\n<h1><span style=\"color: #ffffff;\"><\/span><\/h1>\n<h1><span style=\"color: #ffffff;\"><\/span><\/h1>\n<h1><span style=\"color: #ffffff;\"><\/span><\/h1>\n<h1><span style=\"color: #ffffff;\"><\/span><\/h1>\n<h1><span style=\"color: #ffffff;\"><\/span><\/h1>\n<h1><span style=\"color: #000000;\">MOBILN\u00cd APLIKACE<\/span><\/h1>\n<p><span style=\"color: #000000;\">Mobiln\u00ed aplikace slou\u017e\u00ed k identifikaci pracovn\u00edka (doch\u00e1zka) a m\u00edsta \u00fakolu pomoc\u00ed QR k\u00f3du. Chyt\u0159e upozor\u0148uje na n\u00e1sleduj\u00edc\u00ed \u00fakoly a nab\u00edz\u00ed mo\u017enosti v p\u0159\u00edpad\u011b nenad\u00e1l\u00e9 ud\u00e1losti. Na\u0161e aplikace je takzvan\u011b \u201euser friendly\u201c, rychl\u00e1 a jednoduch\u00e1.<\/span><\/p>\n<p><span style=\"color: #000000;\"><\/span><\/p>\n<p><span style=\"color: #000000;\"><\/span><\/p>\n<p>[\/et_pb_text][\/et_pb_column][et_pb_column type=&#8220;1_2&#8243; _builder_version=&#8220;3.25&#8243; custom_padding=&#8220;|||&#8220; custom_padding__hover=&#8220;|||&#8220;][et_pb_blurb image=&#8220;http:\/\/www.beatcontrol.cz\/wp-content\/uploads\/2021\/05\/Obrazek3.png&#8220; alt=&#8220;Mobiln\u00ed aplikace slou\u017e\u00ed k identifikaci pracovn\u00edka (doch\u00e1zka) a m\u00edsta \u00fakolu pomoc\u00ed QR k\u00f3du. &#8220; content_max_width=&#8220;95px&#8220; _builder_version=&#8220;4.9.2&#8243; _module_preset=&#8220;default&#8220; transform_scale=&#8220;280%|280%&#8220; transform_translate=&#8220;9px|54px&#8220;][\/et_pb_blurb][\/et_pb_column][\/et_pb_row][\/et_pb_section][et_pb_section fb_built=&#8220;1&#8243; next_background_color=&#8220;#ffffff&#8220; admin_label=&#8220;Marketing Hero&#8220; _builder_version=&#8220;4.9.2&#8243; background_color=&#8220;#FFFFFF&#8220; use_background_color_gradient=&#8220;on&#8220; background_color_gradient_start=&#8220;#ffffff&#8220; background_color_gradient_end=&#8220;#e26a19&#8243; background_enable_image=&#8220;off&#8220; min_height=&#8220;411.2px&#8220; custom_padding=&#8220;2px|0px|2px|0px|true|&#8220; top_divider_color=&#8220;RGBA(0,0,0,0)&#8220; top_divider_height=&#8220;30px&#8220; top_divider_flip=&#8220;horizontal&#8220; bottom_divider_style=&#8220;arrow&#8220;][et_pb_row column_structure=&#8220;1_2,1_2&#8243; _builder_version=&#8220;3.25&#8243; background_size=&#8220;initial&#8220; background_position=&#8220;top_left&#8220; background_repeat=&#8220;repeat&#8220; animation_style=&#8220;zoom&#8220; animation_direction=&#8220;bottom&#8220; animation_intensity_zoom=&#8220;6%&#8220;][et_pb_column type=&#8220;1_2&#8243; _builder_version=&#8220;3.25&#8243; custom_padding=&#8220;|||&#8220; custom_padding__hover=&#8220;|||&#8220;][et_pb_text _builder_version=&#8220;4.9.2&#8243; header_font=&#8220;|on|||&#8220; header_font_size=&#8220;42px&#8220; header_line_height=&#8220;1.3em&#8220; background_layout=&#8220;dark&#8220; custom_margin=&#8220;80px|||||&#8220; custom_padding=&#8220;|||&#8220; header_font_size_last_edited=&#8220;off|desktop&#8220; locked=&#8220;off&#8220;]<\/p>\n<h1><span style=\"color: #ffffff;\"><\/span><\/h1>\n<h1><span style=\"color: #ffffff;\"><\/span><\/h1>\n<h1><span style=\"color: #ffffff;\"><\/span><\/h1>\n<h1><span style=\"color: #ffffff;\"><\/span><\/h1>\n<h1><span style=\"color: #ffffff;\"><\/span><\/h1>\n<h1><span style=\"color: #ffffff;\"><\/span><\/h1>\n<h1><span style=\"color: #ffffff;\"><\/span><\/h1>\n<h1><span style=\"color: #ffffff;\"><\/span><\/h1>\n<h1><span style=\"color: #000000;\">WEBOV\u00c1 APLIKACE<\/span><\/h1>\n<p><span style=\"color: #000000;\">Webov\u00e1 aplikace slou\u017e\u00ed pro mana\u017eery a vedouc\u00ed spole\u010dnost\u00ed. Pomoc\u00ed online p\u0159\u00edstupu maj\u00ed okam\u017eit\u00fd p\u0159ehled o stavu \u00fakol\u016f na objektech (zak\u00e1zk\u00e1ch) a mohou prov\u00e1d\u011bt jejich kontrolu, \u010di pod\u00e1vat okam\u017eit\u00e9 informace jak z\u00e1kazn\u00edkovi, tak nap\u0159\u00ed\u010d spole\u010dnost\u00ed a reagovat tak na aktu\u00e1ln\u00ed v\u00fdvoj.<\/span><\/p>\n<p><span style=\"color: #000000;\"><\/span><\/p>\n<p><span style=\"color: #000000;\"><\/span><\/p>\n<p>[\/et_pb_text][\/et_pb_column][et_pb_column type=&#8220;1_2&#8243; _builder_version=&#8220;3.25&#8243; custom_padding=&#8220;|||&#8220; custom_padding__hover=&#8220;|||&#8220;][et_pb_blurb image=&#8220;http:\/\/www.beatcontrol.cz\/wp-content\/uploads\/2021\/05\/Obrazek2.png&#8220; alt=&#8220;Webov\u00e1 aplikace BeatControl&#8220; _builder_version=&#8220;4.9.2&#8243; _module_preset=&#8220;default&#8220; transform_scale=&#8220;122%|122%&#8220; transform_translate=&#8220;37px|-5px&#8220; custom_margin=&#8220;80px|||||&#8220;][\/et_pb_blurb][\/et_pb_column][\/et_pb_row][\/et_pb_section][et_pb_section fb_built=&#8220;1&#8243; _builder_version=&#8220;4.9.2&#8243; _module_preset=&#8220;default&#8220; background_enable_image=&#8220;off&#8220; min_height=&#8220;110px&#8220; height=&#8220;100px&#8220;][et_pb_row _builder_version=&#8220;4.9.2&#8243; _module_preset=&#8220;default&#8220;][et_pb_column type=&#8220;4_4&#8243; _builder_version=&#8220;4.9.2&#8243; _module_preset=&#8220;default&#8220;][et_pb_text _builder_version=&#8220;4.9.2&#8243; _module_preset=&#8220;default&#8220; custom_padding=&#8220;50px||50px|||&#8220;]<\/p>\n<h1><strong>Na\u0161e reference:<\/strong><\/h1>\n<p>[\/et_pb_text][\/et_pb_column][\/et_pb_row][\/et_pb_section][et_pb_section fb_built=&#8220;1&#8243; _builder_version=&#8220;4.9.2&#8243; _module_preset=&#8220;default&#8220; background_enable_image=&#8220;off&#8220; width=&#8220;100%&#8220; module_alignment=&#8220;center&#8220; min_height=&#8220;500px&#8220; height=&#8220;582px&#8220; max_height=&#8220;555px&#8220; custom_margin=&#8220;-2px|||||&#8220; custom_padding=&#8220;60px|||||&#8220;][et_pb_row _builder_version=&#8220;4.9.2&#8243; _module_preset=&#8220;default&#8220;][et_pb_column type=&#8220;4_4&#8243; _builder_version=&#8220;4.9.2&#8243; _module_preset=&#8220;default&#8220;][et_pb_testimonial author=&#8220;Filip Mikul\u00e1\u0161&#8220; job_title=&#8220;Technick\u00fd \u0159editel&#8220; company_name=&#8220;KLIRO spol s r.o.&#8220; portrait_url=&#8220;http:\/\/www.beatcontrol.cz\/wp-content\/uploads\/2021\/06\/Filip-Mikula\u0301s\u030c_2.jpg&#8220; _builder_version=&#8220;4.9.2&#8243; _module_preset=&#8220;default&#8220;]<\/p>\n<p>Pot\u0159ebovali jsme zjednodu\u0161it a zp\u0159ehlednit zad\u00e1v\u00e1n\u00ed \u00fakol\u016f a kontrolu na\u0161ich pracovn\u00edk\u016f. Tak\u00e9 jsme pot\u0159ebovali modern\u00ed platformu pro online komunikaci se z\u00e1kazn\u00edkem. To n\u00e1m pomohlo z\u00edskat velk\u00e9 zak\u00e1zky.<\/p>\n<p>[\/et_pb_testimonial][\/et_pb_column][\/et_pb_row][et_pb_row _builder_version=&#8220;4.9.2&#8243; _module_preset=&#8220;default&#8220;][et_pb_column type=&#8220;4_4&#8243; _builder_version=&#8220;4.9.2&#8243; _module_preset=&#8220;default&#8220;][et_pb_testimonial author=&#8220;Patrik Bazala&#8220; job_title=&#8220;Jednatel&#8220; company_name=&#8220;ASG service s.r.o.&#8220; portrait_url=&#8220;http:\/\/www.beatcontrol.cz\/wp-content\/uploads\/2021\/05\/bazala2.jpg&#8220; _builder_version=&#8220;4.9.2&#8243; _module_preset=&#8220;default&#8220;]<\/p>\n<p>Na\u0161\u00edm c\u00edlem je \u0159\u00eddit \u00fakoly pro vedouc\u00ed objekt\u016f a t\u00edm zv\u00fd\u0161it na\u0161i transaparentnost v\u016f\u010di klient\u016fm. D\u00edky BeatControl se n\u00e1m poda\u0159ilo tak\u00e9 l\u00e9pe monitorovat pohyb v &#8222;ter\u00e9nu&#8220;.<\/p>\n<p>[\/et_pb_testimonial][\/et_pb_column][\/et_pb_row][\/et_pb_section][et_pb_section fb_built=&#8220;1&#8243; _builder_version=&#8220;4.9.2&#8243; _module_preset=&#8220;default&#8220; background_enable_image=&#8220;off&#8220;][et_pb_row _builder_version=&#8220;4.9.2&#8243; _module_preset=&#8220;default&#8220;][et_pb_column type=&#8220;4_4&#8243; _builder_version=&#8220;4.9.2&#8243; _module_preset=&#8220;default&#8220;][et_pb_text _builder_version=&#8220;4.9.2&#8243; _module_preset=&#8220;default&#8220; custom_padding=&#8220;50px||50px|||&#8220;]<\/p>\n<h1><strong>Partne\u0159i:<\/strong><\/h1>\n<p>[\/et_pb_text][\/et_pb_column][\/et_pb_row][et_pb_row column_structure=&#8220;1_4,1_4,1_4,1_4&#8243; _builder_version=&#8220;4.9.2&#8243; _module_preset=&#8220;default&#8220;][et_pb_column type=&#8220;1_4&#8243; _builder_version=&#8220;4.9.2&#8243; _module_preset=&#8220;default&#8220;][\/et_pb_column][et_pb_column type=&#8220;1_4&#8243; _builder_version=&#8220;4.9.2&#8243; _module_preset=&#8220;default&#8220;][et_pb_image src=&#8220;http:\/\/www.beatcontrol.cz\/wp-content\/uploads\/2021\/05\/Vystrizek.png&#8220; alt=&#8220;Partner BeatControl ASG Service&#8220; title_text=&#8220;ASG Service&#8220; url=&#8220;http:\/\/www.asgsecurity.cz\/&#8220; url_new_window=&#8220;on&#8220; _builder_version=&#8220;4.9.2&#8243; _module_preset=&#8220;default&#8220;][\/et_pb_image][\/et_pb_column][et_pb_column type=&#8220;1_4&#8243; _builder_version=&#8220;4.9.2&#8243; _module_preset=&#8220;default&#8220;][et_pb_image src=&#8220;http:\/\/www.beatcontrol.cz\/wp-content\/uploads\/2021\/04\/logo-Digilive.jpg&#8220; alt=&#8220;Partner BeatControl Software&#8220; title_text=&#8220;logo Digilive&#8220; url=&#8220;http:\/\/www.idigilive.com&#8220; url_new_window=&#8220;on&#8220; _builder_version=&#8220;4.9.2&#8243; _module_preset=&#8220;default&#8220;][\/et_pb_image][\/et_pb_column][et_pb_column type=&#8220;1_4&#8243; _builder_version=&#8220;4.9.2&#8243; _module_preset=&#8220;default&#8220;][\/et_pb_column][\/et_pb_row][\/et_pb_section][et_pb_section fb_built=&#8220;1&#8243; _builder_version=&#8220;4.9.2&#8243; _module_preset=&#8220;default&#8220; background_enable_image=&#8220;off&#8220;][et_pb_row _builder_version=&#8220;4.9.2&#8243; _module_preset=&#8220;default&#8220;][et_pb_column type=&#8220;4_4&#8243; _builder_version=&#8220;4.9.2&#8243; _module_preset=&#8220;default&#8220;][\/et_pb_column][\/et_pb_row][\/et_pb_section]<\/p>\n","protected":false},"excerpt":{"rendered":"<p>Digit\u00e1ln\u00ed platforma pro \u0159\u00edzen\u00ed a kontrolu proces\u016f<\/p>\n","protected":false},"author":1,"featured_media":1129,"parent":0,"menu_order":0,"comment_status":"closed","ping_status":"closed","template":"","meta":{"_et_pb_use_builder":"on","_et_pb_old_content":"","_et_gb_content_width":""},"_links":{"self":[{"href":"https:\/\/www.beatcontrol.cz\/index.php\/wp-json\/wp\/v2\/pages\/524"}],"collection":[{"href":"https:\/\/www.beatcontrol.cz\/index.php\/wp-json\/wp\/v2\/pages"}],"about":[{"href":"https:\/\/www.beatcontrol.cz\/index.php\/wp-json\/wp\/v2\/types\/page"}],"author":[{"embeddable":true,"href":"https:\/\/www.beatcontrol.cz\/index.php\/wp-json\/wp\/v2\/users\/1"}],"replies":[{"embeddable":true,"href":"https:\/\/www.beatcontrol.cz\/index.php\/wp-json\/wp\/v2\/comments?post=524"}],"version-history":[{"count":109,"href":"https:\/\/www.beatcontrol.cz\/index.php\/wp-json\/wp\/v2\/pages\/524\/revisions"}],"predecessor-version":[{"id":1299,"href":"https:\/\/www.beatcontrol.cz\/index.php\/wp-json\/wp\/v2\/pages\/524\/revisions\/1299"}],"wp:featuredmedia":[{"embeddable":true,"href":"https:\/\/www.beatcontrol.cz\/index.php\/wp-json\/wp\/v2\/media\/1129"}],"wp:attachment":[{"href":"https:\/\/www.beatcontrol.cz\/index.php\/wp-json\/wp\/v2\/media?parent=524"}],"curies":[{"name":"wp","href":"https:\/\/api.w.org\/{rel}","templated":true}]}}